{"id":9997,"date":"2020-11-10T15:33:10","date_gmt":"2020-11-10T14:33:10","guid":{"rendered":"https:\/\/www.oscare.be\/assurances\/"},"modified":"2021-03-25T15:15:41","modified_gmt":"2021-03-25T14:15:41","slug":"assurances","status":"publish","type":"page","link":"https:\/\/www.oscare.be\/fr\/assurances\/","title":{"rendered":"Assurances"},"content":{"rendered":"\n<h4 class=\"wp-block-heading\">Les assurances offrent quelles couvertures ?<\/h4>\n\n\n\n<ul class=\"wp-block-list\"><li><span style=\"font-weight: 400;\"><strong>L&rsquo;assurance maladie (mutuelle)<\/strong> couvre majoritairement les premiers frais de soins et d&rsquo;ambulance.<\/span><\/li><li><span style=\"font-weight: 400;\">En cas d&rsquo;accident de travail c&rsquo;est <strong>l&rsquo;assurance de l&#8217;employeur<\/strong> qui intervient, comme pr\u00e9vu par la loi.<\/span><\/li><li><span style=\"font-weight: 400;\">Couvrez-vous aussi par une assurances suppl\u00e9mentaire:<\/span><\/li><\/ul>\n\n\n\n<p> Ci-dessous les quatre polices d&rsquo;assurance les plus courantes:<\/p>\n\n\n\n<ol class=\"wp-block-list\"><li><span style=\"font-weight: 400;\">Une <strong>assurance hospitalisation<\/strong> qui couvre les frais de s\u00e9jour en h\u00f4pital, les frais d&rsquo;analyses m\u00e9dicales, de consultations, des m\u00e9dicaments&#8230;.<\/span><\/li><li><span style=\"font-weight: 400;\">Une <strong>assurance incendie<\/strong> qui couvre les d\u00e9g\u00e2ts mobiliers et les d\u00e9g\u00e2ts aux tiers, mais pas les dommages corporels.<\/span><\/li><li><span style=\"font-weight: 400;\">Pour les dommages corporels il existe<strong> l&rsquo;assurance accidents<\/strong>. Le remboursement des frais est g\u00e9n\u00e9ralement un montant forfaitaire, convenu \u00e0 l&rsquo;avance avec votre assureur.<\/span><\/li><li>&nbsp;\n\n<b><span style=\"font-weight: 400;\"><strong>L&rsquo;assurance revenu garanti<\/strong> offre une garantie de revenu lors d&rsquo;une incapacit\u00e9 de travail. Elle vient en compl\u00e9ment des remboursements de votre assurance mutuelle.<\/span><\/b>\n\n&nbsp;<\/li><\/ol>\n\n\n\n<p><i><span style=\"font-weight: 400;\">N&rsquo;oubliez pas que le ticket mod\u00e9rateur est \u00e0 votre charge, et que les assurances vous r\u00e9clament souvent une franchise. Tout d\u00e9pend des conditions de vos contrats d&rsquo;assurances.<\/span><\/i><\/p>\n\n\n\n<hr class=\"wp-block-separator\"\/>\n\n\n\n<h4 class=\"wp-block-heading\">Aide financi\u00e8re<\/h4>\n\n\n\n<p><span style=\"font-weight: 400;\">Dans les centres de Grands-br\u00fbl\u00e9s c&rsquo;est la<\/span><i><span style=\"font-weight: 400;\"> <\/span><a href=\"https:\/\/www.brulures.be\/fr\"><span style=\"font-weight: 400;\">Fondation Br\u00fblures<\/span><\/a><\/i><span style=\"font-weight: 400;\"><a href=\"https:\/\/www.brulures.be\/fr\"> <\/a>qui octroie une aide aux patients br\u00fbl\u00e9s. La commission qui est constitu\u00e9e d&rsquo;assitants sociaux, d&rsquo;infirmier(e)s, et d&rsquo;experts ind\u00e9pendants, analyse chaque demande dans le d\u00e9tail. Un dossier est alors constitu\u00e9 sur base de crit\u00e8res objectifs, et un remboursement \u00e9ventuel est envisag\u00e9.<\/span><\/p>\n\n\n\n<div class=\"wp-block-buttons is-layout-flex wp-block-buttons-is-layout-flex\">\n<div class=\"wp-block-button\"><a class=\"wp-block-button__link\" href=\"https:\/\/www.oscare.be\/fr\/contactez-nous\/\">Contactez-nous<\/a><\/div>\n<\/div>\n\n\n\n<p>Veuillez nous contacter pour de plus amples renseignements.<\/p>\n","protected":false},"excerpt":{"rendered":"<p>Les assurances offrent quelles couvertures ? L&rsquo;assurance maladie (mutuelle) couvre majoritairement les premiers frais de soins et d&rsquo;ambulance. En cas&#8230;<\/p>\n","protected":false},"author":5,"featured_media":0,"parent":0,"menu_order":0,"comment_status":"closed","ping_status":"closed","template":"","meta":{"_acf_changed":false,"footnotes":""},"class_list":["post-9997","page","type-page","status-publish","hentry"],"acf":[],"yoast_head":"<!-- This site is optimized with the Yoast SEO plugin v26.6 - https:\/\/yoast.com\/wordpress\/plugins\/seo\/ -->\n<title>Information sur: Quelle assurance couvre quoi ? - Oscare vzw<\/title>\n<meta name=\"description\" content=\"Quelle assurance devez-vous souscrire pour \u00eatre en s\u00e9curit\u00e9 ? Un incendie peut se produire aux moments les plus inattendus. Oscare vzw vous aide.\" \/>\n<meta name=\"robots\" content=\"index, follow, max-snippet:-1, max-image-preview:large, max-video-preview:-1\" \/>\n<link rel=\"canonical\" href=\"https:\/\/www.oscare.be\/fr\/assurances\/\" \/>\n<meta property=\"og:locale\" content=\"fr_FR\" \/>\n<meta property=\"og:type\" content=\"article\" \/>\n<meta property=\"og:title\" content=\"Information sur: Quelle assurance couvre quoi ? - Oscare vzw\" \/>\n<meta property=\"og:description\" content=\"Quelle assurance devez-vous souscrire pour \u00eatre en s\u00e9curit\u00e9 ? Un incendie peut se produire aux moments les plus inattendus. Oscare vzw vous aide.\" \/>\n<meta property=\"og:url\" content=\"https:\/\/www.oscare.be\/fr\/assurances\/\" \/>\n<meta property=\"og:site_name\" content=\"Oscare vzw\" \/>\n<meta property=\"article:modified_time\" content=\"2021-03-25T14:15:41+00:00\" \/>\n<meta name=\"twitter:card\" content=\"summary_large_image\" \/>\n<meta name=\"twitter:label1\" content=\"Dur\u00e9e de lecture est.\" \/>\n\t<meta name=\"twitter:data1\" content=\"1 minute\" \/>\n<script type=\"application\/ld+json\" class=\"yoast-schema-graph\">{\"@context\":\"https:\/\/schema.org\",\"@graph\":[{\"@type\":\"WebPage\",\"@id\":\"https:\/\/www.oscare.be\/fr\/assurances\/\",\"url\":\"https:\/\/www.oscare.be\/fr\/assurances\/\",\"name\":\"Information sur: Quelle assurance couvre quoi ? - Oscare vzw\",\"isPartOf\":{\"@id\":\"https:\/\/www.oscare.be\/fr\/#website\"},\"datePublished\":\"2020-11-10T14:33:10+00:00\",\"dateModified\":\"2021-03-25T14:15:41+00:00\",\"description\":\"Quelle assurance devez-vous souscrire pour \u00eatre en s\u00e9curit\u00e9 ? Un incendie peut se produire aux moments les plus inattendus. Oscare vzw vous aide.\",\"breadcrumb\":{\"@id\":\"https:\/\/www.oscare.be\/fr\/assurances\/#breadcrumb\"},\"inLanguage\":\"fr-BE\",\"potentialAction\":[{\"@type\":\"ReadAction\",\"target\":[\"https:\/\/www.oscare.be\/fr\/assurances\/\"]}]},{\"@type\":\"BreadcrumbList\",\"@id\":\"https:\/\/www.oscare.be\/fr\/assurances\/#breadcrumb\",\"itemListElement\":[{\"@type\":\"ListItem\",\"position\":1,\"name\":\"Home\",\"item\":\"https:\/\/www.oscare.be\/fr\/\"},{\"@type\":\"ListItem\",\"position\":2,\"name\":\"Assurances\"}]},{\"@type\":\"WebSite\",\"@id\":\"https:\/\/www.oscare.be\/fr\/#website\",\"url\":\"https:\/\/www.oscare.be\/fr\/\",\"name\":\"Oscare vzw\",\"description\":\"Nazorg- en onderzoekscentrum voor brandwonden en littekens\",\"publisher\":{\"@id\":\"https:\/\/www.oscare.be\/fr\/#organization\"},\"potentialAction\":[{\"@type\":\"SearchAction\",\"target\":{\"@type\":\"EntryPoint\",\"urlTemplate\":\"https:\/\/www.oscare.be\/fr\/?s={search_term_string}\"},\"query-input\":{\"@type\":\"PropertyValueSpecification\",\"valueRequired\":true,\"valueName\":\"search_term_string\"}}],\"inLanguage\":\"fr-BE\"},{\"@type\":\"Organization\",\"@id\":\"https:\/\/www.oscare.be\/fr\/#organization\",\"name\":\"Oscare vzw\",\"url\":\"https:\/\/www.oscare.be\/fr\/\",\"logo\":{\"@type\":\"ImageObject\",\"inLanguage\":\"fr-BE\",\"@id\":\"https:\/\/www.oscare.be\/fr\/#\/schema\/logo\/image\/\",\"url\":\"https:\/\/www.oscare.be\/wp-content\/uploads\/2018\/12\/logo-oscare-website-top.png\",\"contentUrl\":\"https:\/\/www.oscare.be\/wp-content\/uploads\/2018\/12\/logo-oscare-website-top.png\",\"width\":1409,\"height\":399,\"caption\":\"Oscare vzw\"},\"image\":{\"@id\":\"https:\/\/www.oscare.be\/fr\/#\/schema\/logo\/image\/\"}}]}<\/script>\n<!-- \/ Yoast SEO plugin. -->","yoast_head_json":{"title":"Information sur: Quelle assurance couvre quoi ? - Oscare vzw","description":"Quelle assurance devez-vous souscrire pour \u00eatre en s\u00e9curit\u00e9 ? Un incendie peut se produire aux moments les plus inattendus. Oscare vzw vous aide.","robots":{"index":"index","follow":"follow","max-snippet":"max-snippet:-1","max-image-preview":"max-image-preview:large","max-video-preview":"max-video-preview:-1"},"canonical":"https:\/\/www.oscare.be\/fr\/assurances\/","og_locale":"fr_FR","og_type":"article","og_title":"Information sur: Quelle assurance couvre quoi ? - Oscare vzw","og_description":"Quelle assurance devez-vous souscrire pour \u00eatre en s\u00e9curit\u00e9 ? Un incendie peut se produire aux moments les plus inattendus. Oscare vzw vous aide.","og_url":"https:\/\/www.oscare.be\/fr\/assurances\/","og_site_name":"Oscare vzw","article_modified_time":"2021-03-25T14:15:41+00:00","twitter_card":"summary_large_image","twitter_misc":{"Dur\u00e9e de lecture est.":"1 minute"},"schema":{"@context":"https:\/\/schema.org","@graph":[{"@type":"WebPage","@id":"https:\/\/www.oscare.be\/fr\/assurances\/","url":"https:\/\/www.oscare.be\/fr\/assurances\/","name":"Information sur: Quelle assurance couvre quoi ? - Oscare vzw","isPartOf":{"@id":"https:\/\/www.oscare.be\/fr\/#website"},"datePublished":"2020-11-10T14:33:10+00:00","dateModified":"2021-03-25T14:15:41+00:00","description":"Quelle assurance devez-vous souscrire pour \u00eatre en s\u00e9curit\u00e9 ? Un incendie peut se produire aux moments les plus inattendus. Oscare vzw vous aide.","breadcrumb":{"@id":"https:\/\/www.oscare.be\/fr\/assurances\/#breadcrumb"},"inLanguage":"fr-BE","potentialAction":[{"@type":"ReadAction","target":["https:\/\/www.oscare.be\/fr\/assurances\/"]}]},{"@type":"BreadcrumbList","@id":"https:\/\/www.oscare.be\/fr\/assurances\/#breadcrumb","itemListElement":[{"@type":"ListItem","position":1,"name":"Home","item":"https:\/\/www.oscare.be\/fr\/"},{"@type":"ListItem","position":2,"name":"Assurances"}]},{"@type":"WebSite","@id":"https:\/\/www.oscare.be\/fr\/#website","url":"https:\/\/www.oscare.be\/fr\/","name":"Oscare vzw","description":"Nazorg- en onderzoekscentrum voor brandwonden en littekens","publisher":{"@id":"https:\/\/www.oscare.be\/fr\/#organization"},"potentialAction":[{"@type":"SearchAction","target":{"@type":"EntryPoint","urlTemplate":"https:\/\/www.oscare.be\/fr\/?s={search_term_string}"},"query-input":{"@type":"PropertyValueSpecification","valueRequired":true,"valueName":"search_term_string"}}],"inLanguage":"fr-BE"},{"@type":"Organization","@id":"https:\/\/www.oscare.be\/fr\/#organization","name":"Oscare vzw","url":"https:\/\/www.oscare.be\/fr\/","logo":{"@type":"ImageObject","inLanguage":"fr-BE","@id":"https:\/\/www.oscare.be\/fr\/#\/schema\/logo\/image\/","url":"https:\/\/www.oscare.be\/wp-content\/uploads\/2018\/12\/logo-oscare-website-top.png","contentUrl":"https:\/\/www.oscare.be\/wp-content\/uploads\/2018\/12\/logo-oscare-website-top.png","width":1409,"height":399,"caption":"Oscare vzw"},"image":{"@id":"https:\/\/www.oscare.be\/fr\/#\/schema\/logo\/image\/"}}]}},"_links":{"self":[{"href":"https:\/\/www.oscare.be\/fr\/wp-json\/wp\/v2\/pages\/9997","targetHints":{"allow":["GET"]}}],"collection":[{"href":"https:\/\/www.oscare.be\/fr\/wp-json\/wp\/v2\/pages"}],"about":[{"href":"https:\/\/www.oscare.be\/fr\/wp-json\/wp\/v2\/types\/page"}],"author":[{"embeddable":true,"href":"https:\/\/www.oscare.be\/fr\/wp-json\/wp\/v2\/users\/5"}],"replies":[{"embeddable":true,"href":"https:\/\/www.oscare.be\/fr\/wp-json\/wp\/v2\/comments?post=9997"}],"version-history":[{"count":1,"href":"https:\/\/www.oscare.be\/fr\/wp-json\/wp\/v2\/pages\/9997\/revisions"}],"predecessor-version":[{"id":10036,"href":"https:\/\/www.oscare.be\/fr\/wp-json\/wp\/v2\/pages\/9997\/revisions\/10036"}],"wp:attachment":[{"href":"https:\/\/www.oscare.be\/fr\/wp-json\/wp\/v2\/media?parent=9997"}],"curies":[{"name":"wp","href":"https:\/\/api.w.org\/{rel}","templated":true}]}}