{"id":9998,"date":"2020-11-10T15:33:10","date_gmt":"2020-11-10T14:33:10","guid":{"rendered":"https:\/\/www.oscare.be\/coordinateur-de-soins\/"},"modified":"2021-07-26T12:04:48","modified_gmt":"2021-07-26T10:04:48","slug":"coordinateur-de-soins","status":"publish","type":"page","link":"https:\/\/www.oscare.be\/fr\/coordinateur-de-soins\/","title":{"rendered":"Coordinateur de soins"},"content":{"rendered":"\n<h2 class=\"wp-block-heading\">Coordinateur de soins<\/h2>\n\n\n\n<p><span><b style=\"font-weight: 400;\">Le <\/b><span style=\"font-weight: 600;\">coordinateur<\/span><b style=\"font-weight: 400;\"> <\/b><\/span>de soins organise, en collaboration avec des m\u00e9decins et d&rsquo;autres soignants, l&rsquo;acc\u00e8s aux soins n\u00e9cessaires. <span style=\"font-weight: 400;\">Il est responsable du suivi des patients dans la phase post-op\u00e9ratoire.<\/span> <span style=\"font-weight: 400;\">Il accompagne les patients et leur famille dans les dossiers sociaux, financiers et juridiques.<\/span> <span style=\"font-weight: 400;\">Il suit les dossiers des patients et coordonne les soins \u00e0 prodiguer en collaboration avec les membres de son \u00e9quipe.<\/span><\/p>\n\n\n\n<hr class=\"wp-block-separator\"\/>\n\n\n\n<p><strong>Contact <\/strong><br><span style=\"font-weight: 400;\">Avez-vous des questions concernant les assurances, des payements, ou croyez-vous pouvoir b\u00e9n\u00e9ficier d&rsquo;aides suppl\u00e9mentaires?<\/span> <span style=\"font-weight: 400;\">Prenez contact par mail: <a href=\"mailto:tina.visser@zna.be\" target=\"_blank\" rel=\"noreferrer noopener\">zorgcoordinatie.bwc@zna.be<\/a><\/span><br><span style=\"font-weight: 400;\">Soit appelez notre num\u00e9ro de t\u00e9l\u00e9phone: +32 3 640 10 80\u00a0 ou remplissez notre formulaire.<\/span><\/p>\n\n\n\n<div class=\"wp-block-buttons is-layout-flex wp-block-buttons-is-layout-flex\">\n<div class=\"wp-block-button\"><a class=\"wp-block-button__link\" href=\"https:\/\/www.oscare.be\/fr\/contactez-nous\/\">Contactez-nous<\/a><\/div>\n<\/div>\n","protected":false},"excerpt":{"rendered":"<p>Coordinateur de soins Le coordinateur de soins organise, en collaboration avec des m\u00e9decins et d&rsquo;autres soignants, l&rsquo;acc\u00e8s aux soins n\u00e9cessaires&#8230;.<\/p>\n","protected":false},"author":5,"featured_media":0,"parent":0,"menu_order":0,"comment_status":"closed","ping_status":"closed","template":"","meta":{"_acf_changed":false,"footnotes":""},"class_list":["post-9998","page","type-page","status-publish","hentry"],"acf":[],"yoast_head":"<!-- This site is optimized with the Yoast SEO plugin v26.6 - https:\/\/yoast.com\/wordpress\/plugins\/seo\/ -->\n<title>Coordinateur de soins pour les br\u00fbl\u00e9s - Oscare vzw<\/title>\n<meta name=\"description\" content=\"\u00c0 Oscare, notre coordinateur fournit des soins accessibles. Ils vous aideront \u00e0 r\u00e9soudre vos probl\u00e8mes sociaux, financiers et juridiques.\" \/>\n<meta name=\"robots\" content=\"index, follow, max-snippet:-1, max-image-preview:large, max-video-preview:-1\" \/>\n<link rel=\"canonical\" href=\"https:\/\/www.oscare.be\/fr\/coordinateur-de-soins\/\" \/>\n<meta property=\"og:locale\" content=\"fr_FR\" \/>\n<meta property=\"og:type\" content=\"article\" \/>\n<meta property=\"og:title\" content=\"Coordinateur de soins pour les br\u00fbl\u00e9s - Oscare vzw\" \/>\n<meta property=\"og:description\" content=\"\u00c0 Oscare, notre coordinateur fournit des soins accessibles. Ils vous aideront \u00e0 r\u00e9soudre vos probl\u00e8mes sociaux, financiers et juridiques.\" \/>\n<meta property=\"og:url\" content=\"https:\/\/www.oscare.be\/fr\/coordinateur-de-soins\/\" \/>\n<meta property=\"og:site_name\" content=\"Oscare vzw\" \/>\n<meta property=\"article:modified_time\" content=\"2021-07-26T10:04:48+00:00\" \/>\n<meta name=\"twitter:card\" content=\"summary_large_image\" \/>\n<meta name=\"twitter:label1\" content=\"Dur\u00e9e de lecture est.\" \/>\n\t<meta name=\"twitter:data1\" content=\"1 minute\" \/>\n<script type=\"application\/ld+json\" class=\"yoast-schema-graph\">{\"@context\":\"https:\/\/schema.org\",\"@graph\":[{\"@type\":\"WebPage\",\"@id\":\"https:\/\/www.oscare.be\/fr\/coordinateur-de-soins\/\",\"url\":\"https:\/\/www.oscare.be\/fr\/coordinateur-de-soins\/\",\"name\":\"Coordinateur de soins pour les br\u00fbl\u00e9s - Oscare vzw\",\"isPartOf\":{\"@id\":\"https:\/\/www.oscare.be\/fr\/#website\"},\"datePublished\":\"2020-11-10T14:33:10+00:00\",\"dateModified\":\"2021-07-26T10:04:48+00:00\",\"description\":\"\u00c0 Oscare, notre coordinateur fournit des soins accessibles. Ils vous aideront \u00e0 r\u00e9soudre vos probl\u00e8mes sociaux, financiers et juridiques.\",\"breadcrumb\":{\"@id\":\"https:\/\/www.oscare.be\/fr\/coordinateur-de-soins\/#breadcrumb\"},\"inLanguage\":\"fr-BE\",\"potentialAction\":[{\"@type\":\"ReadAction\",\"target\":[\"https:\/\/www.oscare.be\/fr\/coordinateur-de-soins\/\"]}]},{\"@type\":\"BreadcrumbList\",\"@id\":\"https:\/\/www.oscare.be\/fr\/coordinateur-de-soins\/#breadcrumb\",\"itemListElement\":[{\"@type\":\"ListItem\",\"position\":1,\"name\":\"Home\",\"item\":\"https:\/\/www.oscare.be\/fr\/\"},{\"@type\":\"ListItem\",\"position\":2,\"name\":\"Coordinateur de soins\"}]},{\"@type\":\"WebSite\",\"@id\":\"https:\/\/www.oscare.be\/fr\/#website\",\"url\":\"https:\/\/www.oscare.be\/fr\/\",\"name\":\"Oscare vzw\",\"description\":\"Nazorg- en onderzoekscentrum voor brandwonden en littekens\",\"publisher\":{\"@id\":\"https:\/\/www.oscare.be\/fr\/#organization\"},\"potentialAction\":[{\"@type\":\"SearchAction\",\"target\":{\"@type\":\"EntryPoint\",\"urlTemplate\":\"https:\/\/www.oscare.be\/fr\/?s={search_term_string}\"},\"query-input\":{\"@type\":\"PropertyValueSpecification\",\"valueRequired\":true,\"valueName\":\"search_term_string\"}}],\"inLanguage\":\"fr-BE\"},{\"@type\":\"Organization\",\"@id\":\"https:\/\/www.oscare.be\/fr\/#organization\",\"name\":\"Oscare vzw\",\"url\":\"https:\/\/www.oscare.be\/fr\/\",\"logo\":{\"@type\":\"ImageObject\",\"inLanguage\":\"fr-BE\",\"@id\":\"https:\/\/www.oscare.be\/fr\/#\/schema\/logo\/image\/\",\"url\":\"https:\/\/www.oscare.be\/wp-content\/uploads\/2018\/12\/logo-oscare-website-top.png\",\"contentUrl\":\"https:\/\/www.oscare.be\/wp-content\/uploads\/2018\/12\/logo-oscare-website-top.png\",\"width\":1409,\"height\":399,\"caption\":\"Oscare vzw\"},\"image\":{\"@id\":\"https:\/\/www.oscare.be\/fr\/#\/schema\/logo\/image\/\"}}]}<\/script>\n<!-- \/ Yoast SEO plugin. -->","yoast_head_json":{"title":"Coordinateur de soins pour les br\u00fbl\u00e9s - Oscare vzw","description":"\u00c0 Oscare, notre coordinateur fournit des soins accessibles. Ils vous aideront \u00e0 r\u00e9soudre vos probl\u00e8mes sociaux, financiers et juridiques.","robots":{"index":"index","follow":"follow","max-snippet":"max-snippet:-1","max-image-preview":"max-image-preview:large","max-video-preview":"max-video-preview:-1"},"canonical":"https:\/\/www.oscare.be\/fr\/coordinateur-de-soins\/","og_locale":"fr_FR","og_type":"article","og_title":"Coordinateur de soins pour les br\u00fbl\u00e9s - Oscare vzw","og_description":"\u00c0 Oscare, notre coordinateur fournit des soins accessibles. Ils vous aideront \u00e0 r\u00e9soudre vos probl\u00e8mes sociaux, financiers et juridiques.","og_url":"https:\/\/www.oscare.be\/fr\/coordinateur-de-soins\/","og_site_name":"Oscare vzw","article_modified_time":"2021-07-26T10:04:48+00:00","twitter_card":"summary_large_image","twitter_misc":{"Dur\u00e9e de lecture est.":"1 minute"},"schema":{"@context":"https:\/\/schema.org","@graph":[{"@type":"WebPage","@id":"https:\/\/www.oscare.be\/fr\/coordinateur-de-soins\/","url":"https:\/\/www.oscare.be\/fr\/coordinateur-de-soins\/","name":"Coordinateur de soins pour les br\u00fbl\u00e9s - Oscare vzw","isPartOf":{"@id":"https:\/\/www.oscare.be\/fr\/#website"},"datePublished":"2020-11-10T14:33:10+00:00","dateModified":"2021-07-26T10:04:48+00:00","description":"\u00c0 Oscare, notre coordinateur fournit des soins accessibles. Ils vous aideront \u00e0 r\u00e9soudre vos probl\u00e8mes sociaux, financiers et juridiques.","breadcrumb":{"@id":"https:\/\/www.oscare.be\/fr\/coordinateur-de-soins\/#breadcrumb"},"inLanguage":"fr-BE","potentialAction":[{"@type":"ReadAction","target":["https:\/\/www.oscare.be\/fr\/coordinateur-de-soins\/"]}]},{"@type":"BreadcrumbList","@id":"https:\/\/www.oscare.be\/fr\/coordinateur-de-soins\/#breadcrumb","itemListElement":[{"@type":"ListItem","position":1,"name":"Home","item":"https:\/\/www.oscare.be\/fr\/"},{"@type":"ListItem","position":2,"name":"Coordinateur de soins"}]},{"@type":"WebSite","@id":"https:\/\/www.oscare.be\/fr\/#website","url":"https:\/\/www.oscare.be\/fr\/","name":"Oscare vzw","description":"Nazorg- en onderzoekscentrum voor brandwonden en littekens","publisher":{"@id":"https:\/\/www.oscare.be\/fr\/#organization"},"potentialAction":[{"@type":"SearchAction","target":{"@type":"EntryPoint","urlTemplate":"https:\/\/www.oscare.be\/fr\/?s={search_term_string}"},"query-input":{"@type":"PropertyValueSpecification","valueRequired":true,"valueName":"search_term_string"}}],"inLanguage":"fr-BE"},{"@type":"Organization","@id":"https:\/\/www.oscare.be\/fr\/#organization","name":"Oscare vzw","url":"https:\/\/www.oscare.be\/fr\/","logo":{"@type":"ImageObject","inLanguage":"fr-BE","@id":"https:\/\/www.oscare.be\/fr\/#\/schema\/logo\/image\/","url":"https:\/\/www.oscare.be\/wp-content\/uploads\/2018\/12\/logo-oscare-website-top.png","contentUrl":"https:\/\/www.oscare.be\/wp-content\/uploads\/2018\/12\/logo-oscare-website-top.png","width":1409,"height":399,"caption":"Oscare vzw"},"image":{"@id":"https:\/\/www.oscare.be\/fr\/#\/schema\/logo\/image\/"}}]}},"_links":{"self":[{"href":"https:\/\/www.oscare.be\/fr\/wp-json\/wp\/v2\/pages\/9998","targetHints":{"allow":["GET"]}}],"collection":[{"href":"https:\/\/www.oscare.be\/fr\/wp-json\/wp\/v2\/pages"}],"about":[{"href":"https:\/\/www.oscare.be\/fr\/wp-json\/wp\/v2\/types\/page"}],"author":[{"embeddable":true,"href":"https:\/\/www.oscare.be\/fr\/wp-json\/wp\/v2\/users\/5"}],"replies":[{"embeddable":true,"href":"https:\/\/www.oscare.be\/fr\/wp-json\/wp\/v2\/comments?post=9998"}],"version-history":[{"count":3,"href":"https:\/\/www.oscare.be\/fr\/wp-json\/wp\/v2\/pages\/9998\/revisions"}],"predecessor-version":[{"id":13704,"href":"https:\/\/www.oscare.be\/fr\/wp-json\/wp\/v2\/pages\/9998\/revisions\/13704"}],"wp:attachment":[{"href":"https:\/\/www.oscare.be\/fr\/wp-json\/wp\/v2\/media?parent=9998"}],"curies":[{"name":"wp","href":"https:\/\/api.w.org\/{rel}","templated":true}]}}